{"id":38703,"date":"2024-12-10T16:00:54","date_gmt":"2024-12-10T16:00:54","guid":{"rendered":"https:\/\/www.marlenekerndesign.de\/advent-masterpieces-brand-inspiration-seo\/"},"modified":"2024-12-11T06:28:49","modified_gmt":"2024-12-11T06:28:49","slug":"advent-masterpieces-brand-inspiration-seo","status":"publish","type":"page","link":"https:\/\/www.marlenekerndesign.de\/en\/advent-masterpieces-brand-inspiration-seo\/","title":{"rendered":"Advent Masterpieces Brand Inspiration SEO"},"content":{"rendered":"<div class=\"wpb-content-wrapper\">[vc_row row_type=&#8221;section&#8221; type=&#8221;full_width&#8221; text_align=&#8221;left&#8221; video=&#8221;&#8221;][vc_column][vc_parallax][vc_parallax_section background_image=&#8221;38785&#8243; height=&#8221;2250&#8243; position=&#8221;center&#8221;][vc_separator type=&#8221;transparent&#8221; up=&#8221;110&#8243; down=&#8221;110&#8243;][vc_row_inner row_type=&#8221;row&#8221; text_align=&#8221;left&#8221; css_animation=&#8221;&#8221;][vc_column_inner width=&#8221;1\/3&#8243;][\/vc_column_inner][vc_column_inner width=&#8221;1\/3&#8243;][\/vc_column_inner][vc_column_inner width=&#8221;1\/3&#8243;][vc_hoverbox image=&#8221;38722&#8243; primary_title=&#8221;11&#8243; primary_title_font_container=&#8221;font_size:30&#8243; primary_title_google_fonts=&#8221;font_family:Open%20Sans%3A300%2C300italic%2Cregular%2Citalic%2C600%2C600italic%2C700%2C700italic%2C800%2C800italic|font_style:600%20bold%20regular%3A600%3Anormal&#8221; hover_title=&#8221;Masterpieces as Brand Inspiration&#8221; hover_background_color=&#8221;custom&#8221; hover_btn_title=&#8221;OPEN DETAILED VIEW&#8221; hover_btn_color=&#8221;white&#8221; hover_btn_size=&#8221;sm&#8221; css_animation=&#8221;slideInLeft&#8221; use_custom_fonts_primary_title=&#8221;true&#8221; hover_add_button=&#8221;true&#8221; el_id=&#8221;hover-box-one&#8221; hover_custom_background=&#8221;#DAC893&#8243; hover_btn_link=&#8221;url:https%3A%2F%2Fwww.marlenekerndesign.de%2Fwp-content%2Fuploads%2F2024%2F12%2FAdvent-Meisterwerke-Markeninspiration-Marlene-Kern-Design-Webdesign-Marc-Chagall-Feuervogel.jpg|&#8221;]\n<div class=\"group\/conversation-turn relative flex w-full min-w-0 flex-col agent-turn\">\n<div class=\"flex-col gap-1 md:gap-3\">\n<div class=\"flex max-w-full flex-col flex-grow\">\n<div class=\"min-h-8 text-message flex w-full flex-col items-end gap-2 whitespace-normal break-words [.text-message+&amp;]:mt-5\" dir=\"auto\" data-message-author-role=\"assistant\" data-message-id=\"23d25a67-911b-4928-9931-b9adb22043b5\" data-message-model-slug=\"gpt-4o\">\n<div class=\"flex w-full flex-col gap-1 empty:hidden first:pt-[3px]\">\n<div class=\"markdown prose w-full break-words dark:prose-invert light\">\n<div class=\"flex-shrink-0 flex flex-col relative items-end\">\n<div class=\"pt-0\">\n<div class=\"gizmo-bot-avatar flex h-8 w-8 items-center justify-center overflow-hidden rounded-full\">\n<div class=\"relative p-1 rounded-sm flex items-center justify-center bg-token-main-surface-primary text-token-text-primary h-8 w-8\"><strong>Firebird by Marc Chagall \u2013 Magnificently visible in the digital world.<\/strong><br \/>\nBe found by the right visitors with SEO.  [vc_separator type=&#8221;transparent&#8221; position=&#8221;center&#8221; color=&#8221;&#8221; thickness=&#8221;&#8221; up=&#8221;2&#8243; down=&#8221;2&#8243;]<\/div>\n<\/div>\n<\/div>\n<\/div>\n<\/div>\n<\/div>\n<\/div>\n<\/div>\n<\/div>\n<\/div>\n[\/vc_hoverbox][\/vc_column_inner][\/vc_row_inner][vc_row_inner row_type=&#8221;row&#8221; text_align=&#8221;left&#8221; css_animation=&#8221;&#8221;][vc_column_inner][vc_separator type=&#8221;transparent&#8221; up=&#8221;55&#8243; down=&#8221;55&#8243;][vc_column_text css=&#8221;&#8221;]\n<h1 style=\"text-align: center;\"><span style=\"color: #ffffff;\"><strong>SEO \u2013 The Firebird of Your Brand Visibility<\/strong><\/span><\/h1>\n[\/vc_column_text][\/vc_column_inner][\/vc_row_inner][vc_row_inner row_type=&#8221;section&#8221; type=&#8221;full_width&#8221; text_align=&#8221;left&#8221;][vc_column_inner width=&#8221;1\/2&#8243;][vc_separator type=&#8221;transparent&#8221; up=&#8221;25&#8243; down=&#8221;25&#8243;][vc_column_text css=&#8221;&#8221;]<span style=\"color: #ffffff;\"><strong>Marc Chagall&#8217;s <em>Firebird<\/em> is a powerful symbol of transformation and ascension \u2013 an image that represents the moment when something rises from the darkness and blossoms in radiant light. Just like the firebird in Chagall&#8217;s work takes to the skies, a perfect SEO strategy can make your website stand out from the crowd and shine in search results. SEO means making your website visible \u2013 creating the moment of rise that gives you a leading role in organic search results.  <\/strong><\/span>[\/vc_column_text][vc_separator type=&#8221;transparent&#8221; up=&#8221;9&#8243; down=&#8221;9&#8243;][vc_column_text css=&#8221;&#8221;]<span style=\"color: #ffffff;\"><strong>The world of SEO is all about moving your website from the invisible crowd to the center of attention through carefully orchestrated strategies and targeted actions. Just as the firebird in Chagall&#8217;s painting attracts attention, relevant keywords, thoughtful content, and technical optimizations should also make your website stand out in search results. Only through a precise and strategic orientation will you be preferred by Google and other search engines and visible with the right search terms.  <\/strong><\/span>[\/vc_column_text][vc_separator type=&#8221;transparent&#8221; up=&#8221;9&#8243; down=&#8221;9&#8243;][vc_column_text css=&#8221;&#8221;]<span style=\"color: #ffffff;\"><strong>The firebird lights up the room and becomes the central figure in the image \u2013 just as SEO ensures that your website lights up the digital space and is found by the right visitors. By harmonizing all SEO criteria such as fast loading times, a clear structure, responsive design and relevant keywords, your website becomes a shining appearance that is visible and at the top of the search results. With a sophisticated SEO strategy, your website will become a firebird that flies high in the search engine ranks and brings you to the right, ready-to-buy prospects.  <\/strong><\/span>[\/vc_column_text][\/vc_column_inner][vc_column_inner width=&#8221;1\/2&#8243;][vc_separator type=&#8221;transparent&#8221; up=&#8221;25&#8243; down=&#8221;25&#8243;][vc_column_text css=&#8221;&#8221;]\n<p class=\"p1\" style=\"text-align: center;\"><span style=\"color: #ffffff;\"><strong><strong>Success means  <\/strong><\/strong><\/span><\/p>\n<p class=\"p1\" style=\"text-align: center;\"><span style=\"color: #ffffff;\"><strong><strong>to be in the right place at the right time<\/strong>.<\/strong><\/span><\/p>\n<p style=\"text-align: center;\"><span style=\"color: #ffffff;\"><strong><span class=\"q_toolbar_color\">\u2015 ALBERT SCHWEITZER<\/span><\/strong><\/span><\/p>\n[\/vc_column_text][\/vc_column_inner][\/vc_row_inner][vc_row_inner row_type=&#8221;row&#8221; text_align=&#8221;center&#8221; css_animation=&#8221;&#8221;][vc_column_inner width=&#8221;1\/2&#8243;][vc_separator type=&#8221;transparent&#8221; up=&#8221;35&#8243; down=&#8221;35&#8243;][vc_column_text css=&#8221;&#8221;]\n<p style=\"text-align: left;\"><span style=\"color: #ffffff;\"><strong>SEO \u2013 Your Firebird Moment: Majestically visible to the right visitors!<\/strong><\/span><\/p>\n[\/vc_column_text][vc_separator type=&#8221;transparent&#8221; up=&#8221;15&#8243; down=&#8221;15&#8243;]<a href=\"https:\/\/www.marlenekerndesign.de\/#kostenfreie-beratung-buchen\" target=\"_self\" class=\"qbutton  medium\" style=\"color: #FFFFFF; background-color: #DAC893; border: 1px solid #FFFFFF00; font-weight: 600; \">Start your SEO strategy now<i class=\"fa fa-angle-right fa-lg\" style=\"color: #FFFFFF;\"><\/i><\/a>[\/vc_column_inner][vc_column_inner width=&#8221;1\/2&#8243;][\/vc_column_inner][\/vc_row_inner][vc_separator type=&#8221;transparent&#8221; up=&#8221;55&#8243; down=&#8221;55&#8243;][\/vc_parallax_section][\/vc_parallax][\/vc_column][\/vc_row]\n<\/div>","protected":false},"excerpt":{"rendered":"<p>[vc_row row_type=&#8221;section&#8221; type=&#8221;full_width&#8221; text_align=&#8221;left&#8221; video=&#8221;&#8221;][vc_column][vc_parallax][vc_parallax_section background_image=&#8221;38785&#8243; height=&#8221;2250&#8243; position=&#8221;center&#8221;][vc_separator type=&#8221;transparent&#8221; up=&#8221;110&#8243; down=&#8221;110&#8243;][vc_row_inner row_type=&#8221;row&#8221; text_align=&#8221;left&#8221; css_animation=&#8221;&#8221;][vc_column_inner width=&#8221;1\/3&#8243;][\/vc_column_inner][vc_column_inner width=&#8221;1\/3&#8243;][\/vc_column_inner][vc_column_inner width=&#8221;1\/3&#8243;][vc_hoverbox image=&#8221;38722&#8243; primary_title=&#8221;11&#8243; primary_title_font_container=&#8221;font_size:30&#8243; primary_title_google_fonts=&#8221;font_family:Open%20Sans%3A300%2C300italic%2Cregular%2Citalic%2C600%2C600italic%2C700%2C700italic%2C800%2C800italic|font_style:600%20bold%20regular%3A600%3Anormal&#8221; hover_title=&#8221;Masterpieces as Brand Inspiration&#8221; hover_background_color=&#8221;custom&#8221; hover_btn_title=&#8221;OPEN DETAILED VIEW&#8221; hover_btn_color=&#8221;white&#8221; hover_btn_size=&#8221;sm&#8221; css_animation=&#8221;slideInLeft&#8221; use_custom_fonts_primary_title=&#8221;true&#8221; hover_add_button=&#8221;true&#8221; el_id=&#8221;hover-box-one&#8221; hover_custom_background=&#8221;#DAC893&#8243; hover_btn_link=&#8221;url:https%3A%2F%2Fwww.marlenekerndesign.de%2Fwp-content%2Fuploads%2F2024%2F12%2FAdvent-Meisterwerke-Markeninspiration-Marlene-Kern-Design-Webdesign-Marc-Chagall-Feuervogel.jpg|&#8221;] Firebird by Marc Chagall \u2013 Magnificently visible in&#8230;<\/p>\n","protected":false},"author":2,"featured_media":0,"parent":0,"menu_order":0,"comment_status":"closed","ping_status":"closed","template":"full_width.php","meta":{"footnotes":""},"class_list":["post-38703","page","type-page","status-publish","hentry"],"yoast_head":"<!-- This site is optimized with the Yoast SEO Premium plugin v27.3 (Yoast SEO v27.5) - https:\/\/yoast.com\/product\/yoast-seo-premium-wordpress\/ -->\n<title>| Advent Masterpieces Brand Inspiration SEO<\/title>\n<meta name=\"description\" content=\"Success with ease. Web Design, Shops, Graphics &amp; SEO Marketing. Full thrust for Startups &amp; Market Leaders. Start boom!\" \/>\n<meta name=\"robots\" content=\"index, follow, max-snippet:-1, max-image-preview:large, max-video-preview:-1\" \/>\n<link rel=\"canonical\" href=\"https:\/\/www.marlenekerndesign.de\/en\/advent-masterpieces-brand-inspiration-seo\/\" \/>\n<meta property=\"og:locale\" content=\"en_US\" \/>\n<meta property=\"og:type\" content=\"article\" \/>\n<meta property=\"og:title\" content=\"| Advent Masterpieces Brand Inspiration SEO\" \/>\n<meta property=\"og:description\" content=\"| Advent Masterpieces Brand Inspiration SEO\" \/>\n<meta property=\"og:url\" content=\"https:\/\/www.marlenekerndesign.de\/en\/advent-masterpieces-brand-inspiration-seo\/\" \/>\n<meta property=\"og:site_name\" content=\"Marlene Kern Design\" \/>\n<meta property=\"article:publisher\" content=\"https:\/\/www.facebook.com\/webdesigner.werbeagentur\" \/>\n<meta property=\"article:modified_time\" content=\"2024-12-11T06:28:49+00:00\" \/>\n<meta property=\"og:image\" content=\"https:\/\/www.marlenekerndesign.de\/wp-content\/uploads\/2023\/07\/Marlene-Kern-Design-Online-Werbeagentur-Webdesigner-Grafikdesigner-Online-Marketing-Markendesigner-Seo-Werbung.jpg\" \/>\n\t<meta property=\"og:image:width\" content=\"1080\" \/>\n\t<meta property=\"og:image:height\" content=\"1080\" \/>\n\t<meta property=\"og:image:type\" content=\"image\/jpeg\" \/>\n<meta name=\"twitter:card\" content=\"summary_large_image\" \/>\n<meta name=\"twitter:site\" content=\"@marlenekernde\" \/>\n<meta name=\"twitter:label1\" content=\"Est. reading time\" \/>\n\t<meta name=\"twitter:data1\" content=\"3 minutes\" \/>\n<script type=\"application\/ld+json\" class=\"yoast-schema-graph\">{\"@context\":\"https:\\\/\\\/schema.org\",\"@graph\":[{\"@type\":\"WebPage\",\"@id\":\"https:\\\/\\\/www.marlenekerndesign.de\\\/en\\\/advent-masterpieces-brand-inspiration-seo\\\/\",\"url\":\"https:\\\/\\\/www.marlenekerndesign.de\\\/en\\\/advent-masterpieces-brand-inspiration-seo\\\/\",\"name\":\"| Advent Masterpieces Brand Inspiration SEO\",\"isPartOf\":{\"@id\":\"https:\\\/\\\/www.marlenekerndesign.de\\\/en\\\/#website\"},\"datePublished\":\"2024-12-10T16:00:54+00:00\",\"dateModified\":\"2024-12-11T06:28:49+00:00\",\"description\":\"Success with ease. Web Design, Shops, Graphics & SEO Marketing. Full thrust for Startups & Market Leaders. Start boom!\",\"breadcrumb\":{\"@id\":\"https:\\\/\\\/www.marlenekerndesign.de\\\/en\\\/advent-masterpieces-brand-inspiration-seo\\\/#breadcrumb\"},\"inLanguage\":\"en-US\",\"potentialAction\":[{\"@type\":\"ReadAction\",\"target\":[\"https:\\\/\\\/www.marlenekerndesign.de\\\/en\\\/advent-masterpieces-brand-inspiration-seo\\\/\"]}]},{\"@type\":\"BreadcrumbList\",\"@id\":\"https:\\\/\\\/www.marlenekerndesign.de\\\/en\\\/advent-masterpieces-brand-inspiration-seo\\\/#breadcrumb\",\"itemListElement\":[{\"@type\":\"ListItem\",\"position\":1,\"name\":\"Home\",\"item\":\"https:\\\/\\\/www.marlenekerndesign.de\\\/en\\\/\"},{\"@type\":\"ListItem\",\"position\":2,\"name\":\"Advent Masterpieces Brand Inspiration SEO\"}]},{\"@type\":\"WebSite\",\"@id\":\"https:\\\/\\\/www.marlenekerndesign.de\\\/en\\\/#website\",\"url\":\"https:\\\/\\\/www.marlenekerndesign.de\\\/en\\\/\",\"name\":\"Marlene Kern Design\",\"description\":\"Web Design Munich\",\"publisher\":{\"@id\":\"https:\\\/\\\/www.marlenekerndesign.de\\\/en\\\/#organization\"},\"alternateName\":\"Webdesigner M\u00fcnchen\",\"potentialAction\":[{\"@type\":\"SearchAction\",\"target\":{\"@type\":\"EntryPoint\",\"urlTemplate\":\"https:\\\/\\\/www.marlenekerndesign.de\\\/en\\\/?s={search_term_string}\"},\"query-input\":{\"@type\":\"PropertyValueSpecification\",\"valueRequired\":true,\"valueName\":\"search_term_string\"}}],\"inLanguage\":\"en-US\"},{\"@type\":\"Organization\",\"@id\":\"https:\\\/\\\/www.marlenekerndesign.de\\\/en\\\/#organization\",\"name\":\"Advertising Agency Munich | Marlene Kern Design\",\"alternateName\":\"Webdesigner M\u00fcnchen\",\"url\":\"https:\\\/\\\/www.marlenekerndesign.de\\\/en\\\/\",\"logo\":{\"@type\":\"ImageObject\",\"inLanguage\":\"en-US\",\"@id\":\"https:\\\/\\\/www.marlenekerndesign.de\\\/en\\\/#\\\/schema\\\/logo\\\/image\\\/\",\"url\":\"https:\\\/\\\/www.marlenekerndesign.de\\\/wp-content\\\/uploads\\\/2024\\\/06\\\/Webdesign-Webdesigner-Online-Marketing-Agentur-SEO-Google-Ads-Marlene-Kern-Design-Muenchen.png\",\"contentUrl\":\"https:\\\/\\\/www.marlenekerndesign.de\\\/wp-content\\\/uploads\\\/2024\\\/06\\\/Webdesign-Webdesigner-Online-Marketing-Agentur-SEO-Google-Ads-Marlene-Kern-Design-Muenchen.png\",\"width\":696,\"height\":696,\"caption\":\"Advertising Agency Munich | Marlene Kern Design\"},\"image\":{\"@id\":\"https:\\\/\\\/www.marlenekerndesign.de\\\/en\\\/#\\\/schema\\\/logo\\\/image\\\/\"},\"sameAs\":[\"https:\\\/\\\/www.facebook.com\\\/webdesigner.werbeagentur\",\"https:\\\/\\\/x.com\\\/marlenekernde\",\"https:\\\/\\\/www.instagram.com\\\/marlenekernshowroom\\\/\",\"https:\\\/\\\/www.linkedin.com\\\/in\\\/marlenekerndesign\\\/\",\"https:\\\/\\\/myspace.com\\\/marlenekerndesign\",\"https:\\\/\\\/de.pinterest.com\\\/marlenekernart\\\/\",\"https:\\\/\\\/www.youtube.com\\\/channel\\\/UCjGn9mTZ5FvESTncr89WMMg\",\"https:\\\/\\\/www.instagram.com\\\/marlenekerndesignwebdesign\\\/\"],\"description\":\"Willkommen bei Marlene Kern Design, Ihrem vertrauensw\u00fcrdigen Anbieter f\u00fcr ganzheitliche und professionelle Dienstleistungen aus einer Hand. Wir bieten Ihnen eine einzigartige Kombination aus Webdesign, Grafikdesign, Google Ads Expertise und SEO-Kenntnissen, die Ihre Marke optimal im digitalen Raum positioniert. Unsere Dienstleistungen richten sich sowohl an Gr\u00fcnder als auch an etablierte Unternehmen, die Wert auf hochwertiges und einheitliches Markendesign legen. Wir verstehen die Werte Ihres Unternehmens und vermitteln diese auf \u00e4sthetische und moderne Weise, die sich von Ihren Marktbegleitern abhebt. Wir unterst\u00fctzen Sie mit umfassendem Know-how und einer klaren, kostentransparenten Beratung. Bei Marlene Kern Design erkl\u00e4ren wir digitale Fragen verst\u00e4ndlich und stehen Ihnen voll und ganz f\u00fcr Ihren Erfolg zur Seite. Erleben Sie ganzheitliche Markenpositionierung \u00fcber alle Kan\u00e4le mit einer ma\u00dfgeschneiderten digitalen Markenstrategie, die den Wert Ihrer Angebote hochwertig vermittelt. Gemeinsam bringen wir Ihre Marke zum Strahlen. Vertrauen Sie auf Marlene Kern Design.\",\"email\":\"info@marlenekerndesign.de\",\"telephone\":\"089347754\",\"vatID\":\"DE129788183\",\"taxID\":\"145\\\/120\\\/40382\",\"numberOfEmployees\":{\"@type\":\"QuantitativeValue\",\"minValue\":\"1\",\"maxValue\":\"10\"}}]}<\/script>\n<!-- \/ Yoast SEO Premium plugin. -->","yoast_head_json":{"title":"| Advent Masterpieces Brand Inspiration SEO","description":"Success with ease. Web Design, Shops, Graphics & SEO Marketing. Full thrust for Startups & Market Leaders. Start boom!","robots":{"index":"index","follow":"follow","max-snippet":"max-snippet:-1","max-image-preview":"max-image-preview:large","max-video-preview":"max-video-preview:-1"},"canonical":"https:\/\/www.marlenekerndesign.de\/en\/advent-masterpieces-brand-inspiration-seo\/","og_locale":"en_US","og_type":"article","og_title":"| Advent Masterpieces Brand Inspiration SEO","og_description":"| Advent Masterpieces Brand Inspiration SEO","og_url":"https:\/\/www.marlenekerndesign.de\/en\/advent-masterpieces-brand-inspiration-seo\/","og_site_name":"Marlene Kern Design","article_publisher":"https:\/\/www.facebook.com\/webdesigner.werbeagentur","article_modified_time":"2024-12-11T06:28:49+00:00","og_image":[{"width":1080,"height":1080,"url":"https:\/\/www.marlenekerndesign.de\/wp-content\/uploads\/2023\/07\/Marlene-Kern-Design-Online-Werbeagentur-Webdesigner-Grafikdesigner-Online-Marketing-Markendesigner-Seo-Werbung.jpg","type":"image\/jpeg"}],"twitter_card":"summary_large_image","twitter_site":"@marlenekernde","twitter_misc":{"Est. reading time":"3 minutes"},"schema":{"@context":"https:\/\/schema.org","@graph":[{"@type":"WebPage","@id":"https:\/\/www.marlenekerndesign.de\/en\/advent-masterpieces-brand-inspiration-seo\/","url":"https:\/\/www.marlenekerndesign.de\/en\/advent-masterpieces-brand-inspiration-seo\/","name":"| Advent Masterpieces Brand Inspiration SEO","isPartOf":{"@id":"https:\/\/www.marlenekerndesign.de\/en\/#website"},"datePublished":"2024-12-10T16:00:54+00:00","dateModified":"2024-12-11T06:28:49+00:00","description":"Success with ease. Web Design, Shops, Graphics & SEO Marketing. Full thrust for Startups & Market Leaders. Start boom!","breadcrumb":{"@id":"https:\/\/www.marlenekerndesign.de\/en\/advent-masterpieces-brand-inspiration-seo\/#breadcrumb"},"inLanguage":"en-US","potentialAction":[{"@type":"ReadAction","target":["https:\/\/www.marlenekerndesign.de\/en\/advent-masterpieces-brand-inspiration-seo\/"]}]},{"@type":"BreadcrumbList","@id":"https:\/\/www.marlenekerndesign.de\/en\/advent-masterpieces-brand-inspiration-seo\/#breadcrumb","itemListElement":[{"@type":"ListItem","position":1,"name":"Home","item":"https:\/\/www.marlenekerndesign.de\/en\/"},{"@type":"ListItem","position":2,"name":"Advent Masterpieces Brand Inspiration SEO"}]},{"@type":"WebSite","@id":"https:\/\/www.marlenekerndesign.de\/en\/#website","url":"https:\/\/www.marlenekerndesign.de\/en\/","name":"Marlene Kern Design","description":"Web Design Munich","publisher":{"@id":"https:\/\/www.marlenekerndesign.de\/en\/#organization"},"alternateName":"Webdesigner M\u00fcnchen","potentialAction":[{"@type":"SearchAction","target":{"@type":"EntryPoint","urlTemplate":"https:\/\/www.marlenekerndesign.de\/en\/?s={search_term_string}"},"query-input":{"@type":"PropertyValueSpecification","valueRequired":true,"valueName":"search_term_string"}}],"inLanguage":"en-US"},{"@type":"Organization","@id":"https:\/\/www.marlenekerndesign.de\/en\/#organization","name":"Advertising Agency Munich | Marlene Kern Design","alternateName":"Webdesigner M\u00fcnchen","url":"https:\/\/www.marlenekerndesign.de\/en\/","logo":{"@type":"ImageObject","inLanguage":"en-US","@id":"https:\/\/www.marlenekerndesign.de\/en\/#\/schema\/logo\/image\/","url":"https:\/\/www.marlenekerndesign.de\/wp-content\/uploads\/2024\/06\/Webdesign-Webdesigner-Online-Marketing-Agentur-SEO-Google-Ads-Marlene-Kern-Design-Muenchen.png","contentUrl":"https:\/\/www.marlenekerndesign.de\/wp-content\/uploads\/2024\/06\/Webdesign-Webdesigner-Online-Marketing-Agentur-SEO-Google-Ads-Marlene-Kern-Design-Muenchen.png","width":696,"height":696,"caption":"Advertising Agency Munich | Marlene Kern Design"},"image":{"@id":"https:\/\/www.marlenekerndesign.de\/en\/#\/schema\/logo\/image\/"},"sameAs":["https:\/\/www.facebook.com\/webdesigner.werbeagentur","https:\/\/x.com\/marlenekernde","https:\/\/www.instagram.com\/marlenekernshowroom\/","https:\/\/www.linkedin.com\/in\/marlenekerndesign\/","https:\/\/myspace.com\/marlenekerndesign","https:\/\/de.pinterest.com\/marlenekernart\/","https:\/\/www.youtube.com\/channel\/UCjGn9mTZ5FvESTncr89WMMg","https:\/\/www.instagram.com\/marlenekerndesignwebdesign\/"],"description":"Willkommen bei Marlene Kern Design, Ihrem vertrauensw\u00fcrdigen Anbieter f\u00fcr ganzheitliche und professionelle Dienstleistungen aus einer Hand. Wir bieten Ihnen eine einzigartige Kombination aus Webdesign, Grafikdesign, Google Ads Expertise und SEO-Kenntnissen, die Ihre Marke optimal im digitalen Raum positioniert. Unsere Dienstleistungen richten sich sowohl an Gr\u00fcnder als auch an etablierte Unternehmen, die Wert auf hochwertiges und einheitliches Markendesign legen. Wir verstehen die Werte Ihres Unternehmens und vermitteln diese auf \u00e4sthetische und moderne Weise, die sich von Ihren Marktbegleitern abhebt. Wir unterst\u00fctzen Sie mit umfassendem Know-how und einer klaren, kostentransparenten Beratung. Bei Marlene Kern Design erkl\u00e4ren wir digitale Fragen verst\u00e4ndlich und stehen Ihnen voll und ganz f\u00fcr Ihren Erfolg zur Seite. Erleben Sie ganzheitliche Markenpositionierung \u00fcber alle Kan\u00e4le mit einer ma\u00dfgeschneiderten digitalen Markenstrategie, die den Wert Ihrer Angebote hochwertig vermittelt. Gemeinsam bringen wir Ihre Marke zum Strahlen. Vertrauen Sie auf Marlene Kern Design.","email":"info@marlenekerndesign.de","telephone":"089347754","vatID":"DE129788183","taxID":"145\/120\/40382","numberOfEmployees":{"@type":"QuantitativeValue","minValue":"1","maxValue":"10"}}]}},"_links":{"self":[{"href":"https:\/\/www.marlenekerndesign.de\/en\/wp-json\/wp\/v2\/pages\/38703","targetHints":{"allow":["GET"]}}],"collection":[{"href":"https:\/\/www.marlenekerndesign.de\/en\/wp-json\/wp\/v2\/pages"}],"about":[{"href":"https:\/\/www.marlenekerndesign.de\/en\/wp-json\/wp\/v2\/types\/page"}],"author":[{"embeddable":true,"href":"https:\/\/www.marlenekerndesign.de\/en\/wp-json\/wp\/v2\/users\/2"}],"replies":[{"embeddable":true,"href":"https:\/\/www.marlenekerndesign.de\/en\/wp-json\/wp\/v2\/comments?post=38703"}],"version-history":[{"count":0,"href":"https:\/\/www.marlenekerndesign.de\/en\/wp-json\/wp\/v2\/pages\/38703\/revisions"}],"wp:attachment":[{"href":"https:\/\/www.marlenekerndesign.de\/en\/wp-json\/wp\/v2\/media?parent=38703"}],"curies":[{"name":"wp","href":"https:\/\/api.w.org\/{rel}","templated":true}]}}