{"id":16656,"date":"2020-05-24T17:37:04","date_gmt":"2020-05-24T17:37:04","guid":{"rendered":"https:\/\/marlenekerndesign.de\/contact-brands-web-agency-munich\/"},"modified":"2026-03-15T18:14:24","modified_gmt":"2026-03-15T18:14:24","slug":"contact","status":"publish","type":"page","link":"https:\/\/www.marlenekerndesign.de\/en\/contact\/","title":{"rendered":"Contact"},"content":{"rendered":"<div class=\"wpb-content-wrapper\">[vc_row row_type=&#8221;row&#8221; text_align=&#8221;left&#8221; css_animation=&#8221;&#8221;][vc_column][\/vc_column][\/vc_row][vc_row row_type=&#8221;section&#8221; type=&#8221;grid&#8221; anchor=&#8221;advertising-agency-munich&#8221; text_align=&#8221;left&#8221; video=&#8221;&#8221;][vc_column][vc_row_inner row_type=&#8221;row&#8221; text_align=&#8221;left&#8221; css_animation=&#8221;&#8221;][vc_column_inner width=&#8221;1\/2&#8243;][vc_separator type=&#8221;transparent&#8221; up=&#8221;18&#8243; down=&#8221;18&#8243;][vc_column_text css=&#8221;&#8221;]\n<h3><span style=\"color: #000000;\">Marlene Kern Design<\/span><span style=\"color: #000000;\"><br \/>\n<\/span><\/h3>\n[\/vc_column_text][vc_separator type=&#8221;transparent&#8221; up=&#8221;3&#8243; down=&#8221;3&#8243;][vc_column_text css=&#8221;&#8221;]Global success brands <br data-start=\"1274\" data-end=\"1277\">for art entrepreneurs, software companies <br data-start=\"1318\" data-end=\"1321\">and companies with vision.[\/vc_column_text][vc_separator type=&#8221;transparent&#8221; up=&#8221;3&#8243; down=&#8221;3&#8243;][vc_column_text css=&#8221;&#8221;]Web design, brand design and online marketing <br data-start=\"1394\" data-end=\"1397\">combined with your website&#8217;s growth system.[\/vc_column_text][vc_separator type=&#8221;transparent&#8221; up=&#8221;3&#8243; down=&#8221;3&#8243;][vc_column_text css=&#8221;&#8221;]\n<h4><em>Holistic thinking. Professionally done.<\/em><\/h4>\n[\/vc_column_text][vc_separator type=&#8221;transparent&#8221; up=&#8221;15&#8243; down=&#8221;15&#8243;][vc_column_text css=&#8221;&#8221;]\n<h3>Contact<\/h3>\n[\/vc_column_text][vc_separator type=&#8221;transparent&#8221; up=&#8221;3&#8243; down=&#8221;3&#8243;][vc_column_text css=&#8221;&#8221;]<span style=\"color: #000000;\">Burgstreet 12<br \/>\n<\/span><span style=\"color: #000000;\">D-80331 Munich<\/span>[\/vc_column_text][vc_separator type=&#8221;transparent&#8221; up=&#8221;3&#8243; down=&#8221;3&#8243;][vc_column_text css=&#8221;&#8221;]<span style=\"color: #000000;\">T. +49 89 34 77 54<br \/>\nM. +49 172 890 84 90<\/span>[\/vc_column_text][vc_separator type=&#8221;transparent&#8221; up=&#8221;15&#8243; down=&#8221;15&#8243;]<a href=\"https:\/\/www.marlenekerndesign.de\/en\/contact\/#kostenfreie-beratung-buchen\" target=\"_blank\" class=\"qbutton \" style=\"background-color: #5842fd; border: 1px solid #ffffff; font-weight: 600; \">Check website for free<i class=\"fa fa-angle-right fa-lg\" style=\"\"><\/i><\/a>[\/vc_column_inner][vc_column_inner width=&#8221;1\/2&#8243;][vc_column_text]<div class=\"wpforms-container wpforms-container-full\" id=\"wpforms-29240\"><form id=\"wpforms-form-29240\" class=\"wpforms-validate wpforms-form wpforms-ajax-form\" data-formid=\"29240\" method=\"post\" enctype=\"multipart\/form-data\" action=\"\/en\/wp-json\/wp\/v2\/pages\/16656\" data-token=\"9143397c68bcb2495c45ebe83bb34f1c\" data-token-time=\"1777660155\"><noscript class=\"wpforms-error-noscript\">Please enable JavaScript in your browser to complete this form.<\/noscript><div class=\"wpforms-field-container\"><div id=\"wpforms-29240-field_0-container\" class=\"wpforms-field wpforms-field-name\" data-field-id=\"0\"><label class=\"wpforms-field-label\">Name <span class=\"wpforms-required-label\">*<\/span><\/label><div class=\"wpforms-field-row wpforms-field-medium\"><div class=\"wpforms-field-row-block wpforms-first wpforms-one-half\"><input type=\"text\" id=\"wpforms-29240-field_0\" class=\"wpforms-field-name-first wpforms-field-required\" name=\"wpforms[fields][0][first]\" required><label for=\"wpforms-29240-field_0\" class=\"wpforms-field-sublabel after\">First<\/label><\/div><div class=\"wpforms-field-row-block wpforms-one-half\"><input type=\"text\" id=\"wpforms-29240-field_0-last\" class=\"wpforms-field-name-last wpforms-field-required\" name=\"wpforms[fields][0][last]\" required><label for=\"wpforms-29240-field_0-last\" class=\"wpforms-field-sublabel after\">Last<\/label><\/div><\/div><\/div><div id=\"wpforms-29240-field_1-container\" class=\"wpforms-field wpforms-field-email\" data-field-id=\"1\"><label class=\"wpforms-field-label\" for=\"wpforms-29240-field_1\">E-Mail <span class=\"wpforms-required-label\">*<\/span><\/label><input type=\"email\" id=\"wpforms-29240-field_1\" class=\"wpforms-field-medium wpforms-field-required\" name=\"wpforms[fields][1]\" spellcheck=\"false\" required><\/div><div id=\"wpforms-29240-field_2-container\" class=\"wpforms-field wpforms-field-textarea\" data-field-id=\"2\"><label class=\"wpforms-field-label\" for=\"wpforms-29240-field_2\">Kommentar oder Nachricht<\/label><textarea id=\"wpforms-29240-field_2\" class=\"wpforms-field-medium\" name=\"wpforms[fields][2]\" ><\/textarea><\/div><div id=\"wpforms-29240-field_3-container\" class=\"wpforms-field wpforms-field-gdpr-checkbox\" data-field-id=\"3\"><label class=\"wpforms-field-label\">DSGVO-Einverst\u00e4ndnis <span class=\"wpforms-required-label\">*<\/span><\/label><ul id=\"wpforms-29240-field_3\" class=\"wpforms-field-required\"><li class=\"choice-1\"><input type=\"checkbox\" id=\"wpforms-29240-field_3_1\" name=\"wpforms[fields][3][]\" value=\"Ich willige ein, dass diese Website meine \u00fcbermittelten Informationen speichert, sodass meine Anfrage beantwortet werden kann.\" required ><label class=\"wpforms-field-label-inline\" for=\"wpforms-29240-field_3_1\">Ich willige ein, dass diese Website meine \u00fcbermittelten Informationen speichert, sodass meine Anfrage beantwortet werden kann.<\/label><\/li><\/ul><\/div><\/div><!-- .wpforms-field-container --><div class=\"wpforms-submit-container\" ><input type=\"hidden\" name=\"wpforms[id]\" value=\"29240\"><input type=\"hidden\" name=\"page_title\" value=\"\"><input type=\"hidden\" name=\"page_url\" value=\"https:\/\/www.marlenekerndesign.de\/en\/wp-json\/wp\/v2\/pages\/16656\"><input type=\"hidden\" name=\"url_referer\" value=\"\"><button type=\"submit\" name=\"wpforms[submit]\" id=\"wpforms-submit-29240\" class=\"wpforms-submit\" data-alt-text=\"Senden\u2026\" data-submit-text=\"Absenden\" aria-live=\"assertive\" value=\"wpforms-submit\">Absenden<\/button><img loading=\"lazy\" decoding=\"async\" src=\"https:\/\/www.marlenekerndesign.de\/wp-content\/plugins\/wpforms-lite\/assets\/images\/submit-spin.svg\" class=\"wpforms-submit-spinner\" style=\"display: none;\" width=\"26\" height=\"26\" alt=\"Loading\"><\/div><\/form><\/div>  <!-- .wpforms-container -->[\/vc_column_text][\/vc_column_inner][\/vc_row_inner][vc_separator type=&#8221;transparent&#8221; up=&#8221;24&#8243; down=&#8221;24&#8243;][\/vc_column][\/vc_row][vc_row row_type=&#8221;section&#8221; type=&#8221;grid&#8221; text_align=&#8221;center&#8221; video=&#8221;&#8221; background_color=&#8221;#5842fd&#8221; border_color=&#8221;#5842fd&#8221; padding_top=&#8221;0&#8243; padding_bottom=&#8221;0&#8243;][vc_column][vc_separator type=&#8221;transparent&#8221; up=&#8221;55&#8243; down=&#8221;55&#8243;][vc_column_text css=&#8221;&#8221;]\n<h5 style=\"text-align: center;\"><span style=\"color: #ffffff;\">WEB DESIGN \u00b7 BRAND DESIGN \u00b7 DIGITAL MARKETING<\/span><\/h5>\n[\/vc_column_text][vc_separator type=&#8221;transparent&#8221; up=&#8221;6&#8243; down=&#8221;6&#8243;][vc_column_text css=&#8221;&#8221;]\n<h2 style=\"text-align: center;\"><span style=\"color: #000000;\"><span style=\"color: #ffffff;\">How Much Potential is Your Website Currently Wasting?<\/span><br \/>\n<span style=\"color: #ffffff;\">Book Your Website Growth Check Now<\/span><br \/>\n<\/span><\/h2>\n<h2><\/h2>\n[\/vc_column_text][vc_separator type=&#8221;transparent&#8221; up=&#8221;7&#8243; down=&#8221;7&#8243;][vc_column_text css=&#8221;&#8221;]\n<p class=\"p1\" style=\"text-align: center;\"><span style=\"color: #ffffff;\">Receive valuable growth impulses for your company free of charge.<\/span><\/p>\n[\/vc_column_text][vc_separator type=&#8221;transparent&#8221; up=&#8221;21&#8243; down=&#8221;21&#8243;]<a href=\"https:\/\/www.marlenekerndesign.de\/en\/contact\/#kostenfreie-beratung-buchen\" target=\"_self\" class=\"qbutton  medium\" style=\"color: #000000; background-color: #ffffff; font-weight: 600; \">Check website for free<i class=\"fa fa-angle-right fa-lg\" style=\"\"><\/i><\/a>[vc_separator type=&#8221;transparent&#8221; up=&#8221;55&#8243; down=&#8221;55&#8243;][\/vc_column][\/vc_row][vc_row row_type=&#8221;section&#8221; type=&#8221;full_width&#8221; anchor=&#8221;book-free-consultation&#8221; text_align=&#8221;center&#8221; video=&#8221;&#8221; background_color=&#8221;#f0f1ff&#8221; padding_top=&#8221;0&#8243; padding_bottom=&#8221;0&#8243; el_class=&#8221;..&#8221;][vc_column css_animation=&#8221;fadeIn&#8221;][vc_separator type=&#8221;transparent&#8221; up=&#8221;25&#8243; down=&#8221;25&#8243;][vc_row_inner row_type=&#8221;section&#8221; type=&#8221;grid&#8221; text_align=&#8221;left&#8221;][vc_column_inner width=&#8221;1\/2&#8243;][vc_column_text css=&#8221;&#8221;]\n<h5 style=\"text-align: left;\">FREE INITIAL CONSULTATION \u00b7 30 MINUTES \u00b7 NO OBLIGATION<\/h5>\n[\/vc_column_text][vc_separator type=&#8221;transparent&#8221; up=&#8221;6&#8243; down=&#8221;6&#8243;][vc_column_text css=&#8221;&#8221;]\n<h2 class=\"p1\"><strong>Website Growth Check.<\/strong><\/h2>\n<h2 class=\"p1\">Identify Where Your Website Is Currently Missing Out On Growth.<\/h2>\n<h2 class=\"p1\">Choose Your Appointment.<\/h2>\n[\/vc_column_text][vc_separator type=&#8221;transparent&#8221; up=&#8221;6&#8243; down=&#8221;6&#8243;][vc_column_text css=&#8221;&#8221;]\n<p class=\"p1\">In a conversation with Marlene Kern, you will receive concrete starting points for more visibility, trust and new customers.<\/p>\n[\/vc_column_text][vc_separator type=&#8221;transparent&#8221; up=&#8221;18&#8243; down=&#8221;18&#8243;][\/vc_column_inner][vc_column_inner width=&#8221;1\/2&#8243;]<div class=\"q_icon_list\"><i class=\"fa fa-check pull-left fa-border\" ><\/i><p>Make your website the center of your brand impact<\/p><\/div><div class=\"q_icon_list\"><i class=\"fa fa-check pull-left fa-border\" ><\/i><p>Create a premium brand perception<\/p><\/div><div class=\"q_icon_list\"><i class=\"fa fa-check pull-left fa-border\" ><\/i><p>Reach customers ready to buy through search engines and campaigns.<\/p><\/div><div class=\"q_icon_list\"><i class=\"fa fa-check pull-left fa-border\" ><\/i><p>Gain trust through consistent brand impact<\/p><\/div><div class=\"q_icon_list\"><i class=\"fa fa-check pull-left fa-border\" ><\/i><p>Position your company uniquely in the market<\/p><\/div><div class=\"q_icon_list\"><i class=\"fa fa-check pull-left fa-border\" ><\/i><p>Connect website, brand, and marketing to form the growth foundation of your company<\/p><\/div>[\/vc_column_inner][\/vc_row_inner][vc_separator type=&#8221;transparent&#8221; up=&#8221;35&#8243; down=&#8221;35&#8243;][\/vc_column][\/vc_row][vc_row row_type=&#8221;section&#8221; type=&#8221;grid&#8221; anchor=&#8221;contact&#8221; text_align=&#8221;center&#8221; video=&#8221;&#8221; background_color=&#8221;#5842fd&#8221; border_color=&#8221;#706eff&#8221; padding_top=&#8221;90&#8243; padding_bottom=&#8221;100&#8243;][vc_column][vc_column_text css=&#8221;&#8221;]\n<h5 style=\"text-align: center;\"><span style=\"color: #ffffff;\">MARLENE KERN DESIGN MUNICH<\/span><\/h5>\n[\/vc_column_text][vc_separator type=&#8221;transparent&#8221; up=&#8221;6&#8243; down=&#8221;6&#8243;][vc_column_text css=&#8221;&#8221;]\n<h2 style=\"text-align: center;\"><span style=\"color: #ffffff;\">Start Your Website Growth System<br \/>\n<a href=\"tel:+491728908490\">+49 89 34 77 54<\/a><\/span><\/h2>\n<h2><\/h2>\n[\/vc_column_text][vc_separator type=&#8221;transparent&#8221; up=&#8221;6&#8243; down=&#8221;6&#8243;][vc_column_text css=&#8221;&#8221;]\n<p class=\"p1\" style=\"text-align: center;\"><span style=\"color: #ffffff;\">We look forward to working with your successful brand.<\/span><\/p>\n[\/vc_column_text][vc_separator type=&#8221;transparent&#8221; up=&#8221;18&#8243; down=&#8221;18&#8243;]<a href=\"mailto:info@marlenekerndesign.de\" target=\"_blank\" class=\"qbutton  medium\" style=\"color: #000000; background-color: #F0F1FF; border: 1px solid #5842FD; font-weight: 600; \">Let&#039;s Talk<i class=\"fa fa-angle-right fa-lg\" style=\"color: #000000;\"><\/i><\/a><a href=\"https:\/\/www.marlenekerndesign.de\/en\/web-design-munich\/\" target=\"_blank\" class=\"qbutton  medium\" style=\"color: #000000; background-color: #F0F1FF; border: 1px solid #5842FD; font-weight: 600; \">Discover services<i class=\"fa fa-angle-right fa-lg\" style=\"color: #000000;\"><\/i><\/a>[\/vc_column][\/vc_row]\n<\/div>","protected":false},"excerpt":{"rendered":"<p>[vc_row row_type=&#8221;row&#8221; text_align=&#8221;left&#8221; css_animation=&#8221;&#8221;][vc_column][\/vc_column][\/vc_row][vc_row row_type=&#8221;section&#8221; type=&#8221;grid&#8221; anchor=&#8221;advertising-agency-munich&#8221; text_align=&#8221;left&#8221; video=&#8221;&#8221;][vc_column][vc_row_inner row_type=&#8221;row&#8221; text_align=&#8221;left&#8221; css_animation=&#8221;&#8221;][vc_column_inner width=&#8221;1\/2&#8243;][vc_separator type=&#8221;transparent&#8221; up=&#8221;18&#8243; down=&#8221;18&#8243;][vc_column_text css=&#8221;&#8221;] Marlene Kern Design [\/vc_column_text][vc_separator type=&#8221;transparent&#8221; up=&#8221;3&#8243; down=&#8221;3&#8243;][vc_column_text css=&#8221;&#8221;]Global success brands for art entrepreneurs, software companies and companies with vision.[\/vc_column_text][vc_separator type=&#8221;transparent&#8221; up=&#8221;3&#8243; down=&#8221;3&#8243;][vc_column_text css=&#8221;&#8221;]Web design, brand design and online&#8230;<\/p>\n","protected":false},"author":2,"featured_media":0,"parent":0,"menu_order":0,"comment_status":"open","ping_status":"open","template":"full_width.php","meta":{"footnotes":""},"class_list":["post-16656","page","type-page","status-publish","hentry"],"yoast_head":"<!-- This site is optimized with the Yoast SEO Premium plugin v27.3 (Yoast SEO v27.5) - https:\/\/yoast.com\/product\/yoast-seo-premium-wordpress\/ -->\n<title>Web Designer Munich \u2013 Contact Marlene Kern Design<\/title>\n<meta name=\"description\" content=\"+49 89 34 77 54 \u2013 Web designer Munich for ideal clients, growth &amp; profit \u2013 Website, brand, SEO &amp; Google Ads work as a system.\" \/>\n<meta name=\"robots\" content=\"index, follow, max-snippet:-1, max-image-preview:large, max-video-preview:-1\" \/>\n<link rel=\"canonical\" href=\"https:\/\/www.marlenekerndesign.de\/en\/contact\/\" \/>\n<meta property=\"og:locale\" content=\"en_US\" \/>\n<meta property=\"og:type\" content=\"article\" \/>\n<meta property=\"og:title\" content=\"| Contact\" \/>\n<meta property=\"og:description\" content=\"| Contact\" \/>\n<meta property=\"og:url\" content=\"https:\/\/www.marlenekerndesign.de\/en\/contact\/\" \/>\n<meta property=\"og:site_name\" content=\"Marlene Kern Design\" \/>\n<meta property=\"article:publisher\" content=\"https:\/\/www.facebook.com\/webdesigner.werbeagentur\" \/>\n<meta property=\"article:modified_time\" content=\"2026-03-15T18:14:24+00:00\" \/>\n<meta property=\"og:image\" content=\"https:\/\/www.marlenekerndesign.de\/wp-content\/uploads\/2023\/07\/Marlene-Kern-Design-Online-Werbeagentur-Webdesigner-Grafikdesigner-Online-Marketing-Markendesigner-Seo-Werbung.jpg\" \/>\n\t<meta property=\"og:image:width\" content=\"1080\" \/>\n\t<meta property=\"og:image:height\" content=\"1080\" \/>\n\t<meta property=\"og:image:type\" content=\"image\/jpeg\" \/>\n<meta name=\"twitter:card\" content=\"summary_large_image\" \/>\n<meta name=\"twitter:site\" content=\"@marlenekernde\" \/>\n<meta name=\"twitter:label1\" content=\"Est. reading time\" \/>\n\t<meta name=\"twitter:data1\" content=\"3 minutes\" \/>\n<script type=\"application\/ld+json\" class=\"yoast-schema-graph\">{\"@context\":\"https:\\\/\\\/schema.org\",\"@graph\":[{\"@type\":\"WebPage\",\"@id\":\"https:\\\/\\\/www.marlenekerndesign.de\\\/en\\\/contact\\\/\",\"url\":\"https:\\\/\\\/www.marlenekerndesign.de\\\/en\\\/contact\\\/\",\"name\":\"Web Designer Munich \u2013 Contact Marlene Kern Design\",\"isPartOf\":{\"@id\":\"https:\\\/\\\/www.marlenekerndesign.de\\\/en\\\/#website\"},\"datePublished\":\"2020-05-24T17:37:04+00:00\",\"dateModified\":\"2026-03-15T18:14:24+00:00\",\"description\":\"+49 89 34 77 54 \u2013 Web designer Munich for ideal clients, growth & profit \u2013 Website, brand, SEO & Google Ads work as a system.\",\"breadcrumb\":{\"@id\":\"https:\\\/\\\/www.marlenekerndesign.de\\\/en\\\/contact\\\/#breadcrumb\"},\"inLanguage\":\"en-US\",\"potentialAction\":[{\"@type\":\"ReadAction\",\"target\":[\"https:\\\/\\\/www.marlenekerndesign.de\\\/en\\\/contact\\\/\"]}]},{\"@type\":\"BreadcrumbList\",\"@id\":\"https:\\\/\\\/www.marlenekerndesign.de\\\/en\\\/contact\\\/#breadcrumb\",\"itemListElement\":[{\"@type\":\"ListItem\",\"position\":1,\"name\":\"Home\",\"item\":\"https:\\\/\\\/www.marlenekerndesign.de\\\/en\\\/\"},{\"@type\":\"ListItem\",\"position\":2,\"name\":\"Contact\"}]},{\"@type\":\"WebSite\",\"@id\":\"https:\\\/\\\/www.marlenekerndesign.de\\\/en\\\/#website\",\"url\":\"https:\\\/\\\/www.marlenekerndesign.de\\\/en\\\/\",\"name\":\"Marlene Kern Design\",\"description\":\"Web Design Munich\",\"publisher\":{\"@id\":\"https:\\\/\\\/www.marlenekerndesign.de\\\/en\\\/#organization\"},\"alternateName\":\"Webdesigner M\u00fcnchen\",\"potentialAction\":[{\"@type\":\"SearchAction\",\"target\":{\"@type\":\"EntryPoint\",\"urlTemplate\":\"https:\\\/\\\/www.marlenekerndesign.de\\\/en\\\/?s={search_term_string}\"},\"query-input\":{\"@type\":\"PropertyValueSpecification\",\"valueRequired\":true,\"valueName\":\"search_term_string\"}}],\"inLanguage\":\"en-US\"},{\"@type\":\"Organization\",\"@id\":\"https:\\\/\\\/www.marlenekerndesign.de\\\/en\\\/#organization\",\"name\":\"Advertising Agency Munich | Marlene Kern Design\",\"alternateName\":\"Webdesigner M\u00fcnchen\",\"url\":\"https:\\\/\\\/www.marlenekerndesign.de\\\/en\\\/\",\"logo\":{\"@type\":\"ImageObject\",\"inLanguage\":\"en-US\",\"@id\":\"https:\\\/\\\/www.marlenekerndesign.de\\\/en\\\/#\\\/schema\\\/logo\\\/image\\\/\",\"url\":\"https:\\\/\\\/www.marlenekerndesign.de\\\/wp-content\\\/uploads\\\/2024\\\/06\\\/Webdesign-Webdesigner-Online-Marketing-Agentur-SEO-Google-Ads-Marlene-Kern-Design-Muenchen.png\",\"contentUrl\":\"https:\\\/\\\/www.marlenekerndesign.de\\\/wp-content\\\/uploads\\\/2024\\\/06\\\/Webdesign-Webdesigner-Online-Marketing-Agentur-SEO-Google-Ads-Marlene-Kern-Design-Muenchen.png\",\"width\":696,\"height\":696,\"caption\":\"Advertising Agency Munich | Marlene Kern Design\"},\"image\":{\"@id\":\"https:\\\/\\\/www.marlenekerndesign.de\\\/en\\\/#\\\/schema\\\/logo\\\/image\\\/\"},\"sameAs\":[\"https:\\\/\\\/www.facebook.com\\\/webdesigner.werbeagentur\",\"https:\\\/\\\/x.com\\\/marlenekernde\",\"https:\\\/\\\/www.instagram.com\\\/marlenekernshowroom\\\/\",\"https:\\\/\\\/www.linkedin.com\\\/in\\\/marlenekerndesign\\\/\",\"https:\\\/\\\/myspace.com\\\/marlenekerndesign\",\"https:\\\/\\\/de.pinterest.com\\\/marlenekernart\\\/\",\"https:\\\/\\\/www.youtube.com\\\/channel\\\/UCjGn9mTZ5FvESTncr89WMMg\",\"https:\\\/\\\/www.instagram.com\\\/marlenekerndesignwebdesign\\\/\"],\"description\":\"Willkommen bei Marlene Kern Design, Ihrem vertrauensw\u00fcrdigen Anbieter f\u00fcr ganzheitliche und professionelle Dienstleistungen aus einer Hand. Wir bieten Ihnen eine einzigartige Kombination aus Webdesign, Grafikdesign, Google Ads Expertise und SEO-Kenntnissen, die Ihre Marke optimal im digitalen Raum positioniert. Unsere Dienstleistungen richten sich sowohl an Gr\u00fcnder als auch an etablierte Unternehmen, die Wert auf hochwertiges und einheitliches Markendesign legen. Wir verstehen die Werte Ihres Unternehmens und vermitteln diese auf \u00e4sthetische und moderne Weise, die sich von Ihren Marktbegleitern abhebt. Wir unterst\u00fctzen Sie mit umfassendem Know-how und einer klaren, kostentransparenten Beratung. Bei Marlene Kern Design erkl\u00e4ren wir digitale Fragen verst\u00e4ndlich und stehen Ihnen voll und ganz f\u00fcr Ihren Erfolg zur Seite. Erleben Sie ganzheitliche Markenpositionierung \u00fcber alle Kan\u00e4le mit einer ma\u00dfgeschneiderten digitalen Markenstrategie, die den Wert Ihrer Angebote hochwertig vermittelt. Gemeinsam bringen wir Ihre Marke zum Strahlen. Vertrauen Sie auf Marlene Kern Design.\",\"email\":\"info@marlenekerndesign.de\",\"telephone\":\"089347754\",\"vatID\":\"DE129788183\",\"taxID\":\"145\\\/120\\\/40382\",\"numberOfEmployees\":{\"@type\":\"QuantitativeValue\",\"minValue\":\"1\",\"maxValue\":\"10\"}}]}<\/script>\n<!-- \/ Yoast SEO Premium plugin. -->","yoast_head_json":{"title":"Web Designer Munich \u2013 Contact Marlene Kern Design","description":"+49 89 34 77 54 \u2013 Web designer Munich for ideal clients, growth & profit \u2013 Website, brand, SEO & Google Ads work as a system.","robots":{"index":"index","follow":"follow","max-snippet":"max-snippet:-1","max-image-preview":"max-image-preview:large","max-video-preview":"max-video-preview:-1"},"canonical":"https:\/\/www.marlenekerndesign.de\/en\/contact\/","og_locale":"en_US","og_type":"article","og_title":"| Contact","og_description":"| Contact","og_url":"https:\/\/www.marlenekerndesign.de\/en\/contact\/","og_site_name":"Marlene Kern Design","article_publisher":"https:\/\/www.facebook.com\/webdesigner.werbeagentur","article_modified_time":"2026-03-15T18:14:24+00:00","og_image":[{"width":1080,"height":1080,"url":"https:\/\/www.marlenekerndesign.de\/wp-content\/uploads\/2023\/07\/Marlene-Kern-Design-Online-Werbeagentur-Webdesigner-Grafikdesigner-Online-Marketing-Markendesigner-Seo-Werbung.jpg","type":"image\/jpeg"}],"twitter_card":"summary_large_image","twitter_site":"@marlenekernde","twitter_misc":{"Est. reading time":"3 minutes"},"schema":{"@context":"https:\/\/schema.org","@graph":[{"@type":"WebPage","@id":"https:\/\/www.marlenekerndesign.de\/en\/contact\/","url":"https:\/\/www.marlenekerndesign.de\/en\/contact\/","name":"Web Designer Munich \u2013 Contact Marlene Kern Design","isPartOf":{"@id":"https:\/\/www.marlenekerndesign.de\/en\/#website"},"datePublished":"2020-05-24T17:37:04+00:00","dateModified":"2026-03-15T18:14:24+00:00","description":"+49 89 34 77 54 \u2013 Web designer Munich for ideal clients, growth & profit \u2013 Website, brand, SEO & Google Ads work as a system.","breadcrumb":{"@id":"https:\/\/www.marlenekerndesign.de\/en\/contact\/#breadcrumb"},"inLanguage":"en-US","potentialAction":[{"@type":"ReadAction","target":["https:\/\/www.marlenekerndesign.de\/en\/contact\/"]}]},{"@type":"BreadcrumbList","@id":"https:\/\/www.marlenekerndesign.de\/en\/contact\/#breadcrumb","itemListElement":[{"@type":"ListItem","position":1,"name":"Home","item":"https:\/\/www.marlenekerndesign.de\/en\/"},{"@type":"ListItem","position":2,"name":"Contact"}]},{"@type":"WebSite","@id":"https:\/\/www.marlenekerndesign.de\/en\/#website","url":"https:\/\/www.marlenekerndesign.de\/en\/","name":"Marlene Kern Design","description":"Web Design Munich","publisher":{"@id":"https:\/\/www.marlenekerndesign.de\/en\/#organization"},"alternateName":"Webdesigner M\u00fcnchen","potentialAction":[{"@type":"SearchAction","target":{"@type":"EntryPoint","urlTemplate":"https:\/\/www.marlenekerndesign.de\/en\/?s={search_term_string}"},"query-input":{"@type":"PropertyValueSpecification","valueRequired":true,"valueName":"search_term_string"}}],"inLanguage":"en-US"},{"@type":"Organization","@id":"https:\/\/www.marlenekerndesign.de\/en\/#organization","name":"Advertising Agency Munich | Marlene Kern Design","alternateName":"Webdesigner M\u00fcnchen","url":"https:\/\/www.marlenekerndesign.de\/en\/","logo":{"@type":"ImageObject","inLanguage":"en-US","@id":"https:\/\/www.marlenekerndesign.de\/en\/#\/schema\/logo\/image\/","url":"https:\/\/www.marlenekerndesign.de\/wp-content\/uploads\/2024\/06\/Webdesign-Webdesigner-Online-Marketing-Agentur-SEO-Google-Ads-Marlene-Kern-Design-Muenchen.png","contentUrl":"https:\/\/www.marlenekerndesign.de\/wp-content\/uploads\/2024\/06\/Webdesign-Webdesigner-Online-Marketing-Agentur-SEO-Google-Ads-Marlene-Kern-Design-Muenchen.png","width":696,"height":696,"caption":"Advertising Agency Munich | Marlene Kern Design"},"image":{"@id":"https:\/\/www.marlenekerndesign.de\/en\/#\/schema\/logo\/image\/"},"sameAs":["https:\/\/www.facebook.com\/webdesigner.werbeagentur","https:\/\/x.com\/marlenekernde","https:\/\/www.instagram.com\/marlenekernshowroom\/","https:\/\/www.linkedin.com\/in\/marlenekerndesign\/","https:\/\/myspace.com\/marlenekerndesign","https:\/\/de.pinterest.com\/marlenekernart\/","https:\/\/www.youtube.com\/channel\/UCjGn9mTZ5FvESTncr89WMMg","https:\/\/www.instagram.com\/marlenekerndesignwebdesign\/"],"description":"Willkommen bei Marlene Kern Design, Ihrem vertrauensw\u00fcrdigen Anbieter f\u00fcr ganzheitliche und professionelle Dienstleistungen aus einer Hand. Wir bieten Ihnen eine einzigartige Kombination aus Webdesign, Grafikdesign, Google Ads Expertise und SEO-Kenntnissen, die Ihre Marke optimal im digitalen Raum positioniert. Unsere Dienstleistungen richten sich sowohl an Gr\u00fcnder als auch an etablierte Unternehmen, die Wert auf hochwertiges und einheitliches Markendesign legen. Wir verstehen die Werte Ihres Unternehmens und vermitteln diese auf \u00e4sthetische und moderne Weise, die sich von Ihren Marktbegleitern abhebt. Wir unterst\u00fctzen Sie mit umfassendem Know-how und einer klaren, kostentransparenten Beratung. Bei Marlene Kern Design erkl\u00e4ren wir digitale Fragen verst\u00e4ndlich und stehen Ihnen voll und ganz f\u00fcr Ihren Erfolg zur Seite. Erleben Sie ganzheitliche Markenpositionierung \u00fcber alle Kan\u00e4le mit einer ma\u00dfgeschneiderten digitalen Markenstrategie, die den Wert Ihrer Angebote hochwertig vermittelt. Gemeinsam bringen wir Ihre Marke zum Strahlen. Vertrauen Sie auf Marlene Kern Design.","email":"info@marlenekerndesign.de","telephone":"089347754","vatID":"DE129788183","taxID":"145\/120\/40382","numberOfEmployees":{"@type":"QuantitativeValue","minValue":"1","maxValue":"10"}}]}},"_links":{"self":[{"href":"https:\/\/www.marlenekerndesign.de\/en\/wp-json\/wp\/v2\/pages\/16656","targetHints":{"allow":["GET"]}}],"collection":[{"href":"https:\/\/www.marlenekerndesign.de\/en\/wp-json\/wp\/v2\/pages"}],"about":[{"href":"https:\/\/www.marlenekerndesign.de\/en\/wp-json\/wp\/v2\/types\/page"}],"author":[{"embeddable":true,"href":"https:\/\/www.marlenekerndesign.de\/en\/wp-json\/wp\/v2\/users\/2"}],"replies":[{"embeddable":true,"href":"https:\/\/www.marlenekerndesign.de\/en\/wp-json\/wp\/v2\/comments?post=16656"}],"version-history":[{"count":0,"href":"https:\/\/www.marlenekerndesign.de\/en\/wp-json\/wp\/v2\/pages\/16656\/revisions"}],"wp:attachment":[{"href":"https:\/\/www.marlenekerndesign.de\/en\/wp-json\/wp\/v2\/media?parent=16656"}],"curies":[{"name":"wp","href":"https:\/\/api.w.org\/{rel}","templated":true}]}}